{"id":265,"date":"2019-09-05T18:26:51","date_gmt":"2019-09-05T18:26:51","guid":{"rendered":"https:\/\/demosites.io\/energy-panels\/?page_id=265"},"modified":"2021-08-31T16:16:38","modified_gmt":"2021-08-31T16:16:38","slug":"about-us","status":"publish","type":"page","link":"https:\/\/ivermectin-apotheke.com\/sv\/about-us\/","title":{"rendered":"om oss"},"content":{"rendered":"<div data-elementor-type=\"wp-post\" data-elementor-id=\"265\" class=\"elementor elementor-265\" data-elementor-settings=\"[]\">\n\t\t\t\t\t\t\t<div class=\"elementor-section-wrap\">\n\t\t\t\t\t\t\t<section class=\"elementor-section elementor-top-section elementor-element elementor-element-5b025747 elementor-section-height-min-height elementor-section-boxed elementor-section-height-default elementor-section-items-middle\" data-id=\"5b025747\" data-element_type=\"section\" data-settings=\"{&quot;background_background&quot;:&quot;classic&quot;}\">\n\t\t\t\t\t\t<div class=\"elementor-container elementor-column-gap-default\">\n\t\t\t\t\t<div class=\"elementor-column elementor-col-100 elementor-top-column elementor-element elementor-element-3a1445c4\" data-id=\"3a1445c4\" data-element_type=\"column\">\n\t\t\t<div class=\"elementor-widget-wrap\">\n\t\t\t\t\t\t\t\t\t<\/div>\n\t\t<\/div>\n\t\t\t\t\t\t\t<\/div>\n\t\t<\/section>\n\t\t\t\t<section class=\"elementor-section elementor-top-section elementor-element elementor-element-43167728 elementor-section-boxed elementor-section-height-default elementor-section-height-default\" data-id=\"43167728\" data-element_type=\"section\" data-settings=\"{&quot;background_background&quot;:&quot;classic&quot;}\">\n\t\t\t\t\t\t<div class=\"elementor-container elementor-column-gap-default\">\n\t\t\t\t\t<div class=\"elementor-column elementor-col-50 elementor-top-column elementor-element elementor-element-78888d70\" data-id=\"78888d70\" data-element_type=\"column\" data-settings=\"{&quot;background_background&quot;:&quot;classic&quot;}\">\n\t\t\t<div class=\"elementor-widget-wrap elementor-element-populated\">\n\t\t\t\t\t\t\t\t<div class=\"elementor-element elementor-element-790017cf elementor-widget elementor-widget-heading\" data-id=\"790017cf\" data-element_type=\"widget\" data-widget_type=\"heading.default\">\n\t\t\t\t<div class=\"elementor-widget-container\">\n\t\t\t<h1 class=\"elementor-heading-title elementor-size-default\"><a href=\"https:\/\/ivermectin-apotheke.com\/sv\/287ae-energy-panels-about-us\/\">om oss<\/a><\/h1>\t\t<\/div>\n\t\t\t\t<\/div>\n\t\t\t\t\t<\/div>\n\t\t<\/div>\n\t\t\t\t<div class=\"elementor-column elementor-col-50 elementor-top-column elementor-element elementor-element-6db378d2\" data-id=\"6db378d2\" data-element_type=\"column\">\n\t\t\t<div class=\"elementor-widget-wrap\">\n\t\t\t\t\t\t\t\t\t<\/div>\n\t\t<\/div>\n\t\t\t\t\t\t\t<\/div>\n\t\t<\/section>\n\t\t\t\t<section class=\"elementor-section elementor-top-section elementor-element elementor-element-69b64104 elementor-section-boxed elementor-section-height-default elementor-section-height-default\" data-id=\"69b64104\" data-element_type=\"section\" data-settings=\"{&quot;background_background&quot;:&quot;classic&quot;}\">\n\t\t\t\t\t\t<div class=\"elementor-container elementor-column-gap-default\">\n\t\t\t\t\t<div class=\"elementor-column elementor-col-100 elementor-top-column elementor-element elementor-element-33a11248\" data-id=\"33a11248\" data-element_type=\"column\">\n\t\t\t<div class=\"elementor-widget-wrap elementor-element-populated\">\n\t\t\t\t\t\t\t\t<section class=\"elementor-section elementor-inner-section elementor-element elementor-element-2d6780b0 elementor-section-boxed elementor-section-height-default elementor-section-height-default\" data-id=\"2d6780b0\" data-element_type=\"section\">\n\t\t\t\t\t\t<div class=\"elementor-container elementor-column-gap-default\">\n\t\t\t\t\t<div class=\"elementor-column elementor-col-50 elementor-inner-column elementor-element elementor-element-5333e2bb\" data-id=\"5333e2bb\" data-element_type=\"column\">\n\t\t\t<div class=\"elementor-widget-wrap elementor-element-populated\">\n\t\t\t\t\t\t\t\t<div class=\"elementor-element elementor-element-1e13f86c elementor-widget elementor-widget-heading\" data-id=\"1e13f86c\" data-element_type=\"widget\" data-widget_type=\"heading.default\">\n\t\t\t\t<div class=\"elementor-widget-container\">\n\t\t\t<h2 class=\"elementor-heading-title elementor-size-default\">Lite om f\u00f6retaget<\/h2>\t\t<\/div>\n\t\t\t\t<\/div>\n\t\t\t\t\t<\/div>\n\t\t<\/div>\n\t\t\t\t<div class=\"elementor-column elementor-col-50 elementor-inner-column elementor-element elementor-element-66d965dd\" data-id=\"66d965dd\" data-element_type=\"column\">\n\t\t\t<div class=\"elementor-widget-wrap elementor-element-populated\">\n\t\t\t\t\t\t\t\t<div class=\"elementor-element elementor-element-18583af6 elementor-widget elementor-widget-text-editor\" data-id=\"18583af6\" data-element_type=\"widget\" data-widget_type=\"text-editor.default\">\n\t\t\t\t<div class=\"elementor-widget-container\">\n\t\t\t\t\t\t\t<p>Ivermectin Pharmacy \u00e4r en onlinekatalog som ger information om l\u00e4kemedel. De anv\u00e4nder endast kvalificerade specialister som ger korrekt och fullst\u00e4ndig information om det l\u00e4kemedel som kr\u00e4vs.<\/p><p>V\u00e5r webbplats \u00e4r utformad f\u00f6r att vara transparent och anv\u00e4ndarv\u00e4nlig. N\u00e4r vi bes\u00f6ker v\u00e5r hemsida f\u00f6r f\u00f6rsta g\u00e5ngen eller n\u00e4r de s\u00f6ker efter en specifik produkt hittar v\u00e5ra bes\u00f6kare alltid den information de letar efter snabbt.<\/p><p>Eftersom det nu finns en m\u00e4ngd onlineapotek, onlinebutiker och webbplatser p\u00e5 internet som ger falsk information, vill vi inte att folk ska f\u00e5 falsk information. D\u00e4rf\u00f6r \u00e4r det inte m\u00f6jligt att k\u00f6pa eller best\u00e4lla droger p\u00e5 v\u00e5r webbplats, du kan bara bekanta dig med informationen om l\u00e4kemedlet du \u00e4r intresserad av.<\/p><p><strong>VIKTIG!<\/strong> Att k\u00f6pa mediciner online \u00e4r inte ett substitut f\u00f6r ett l\u00e4karbes\u00f6k.<\/p><p>Kvalitet \u00e4r v\u00e5r h\u00f6gsta prioritet<br \/>Ivermectin Pharmacy webbplats syftar till att visa upp oberoende l\u00e4kemedelsinneh\u00e5ll av h\u00f6g kvalitet. Vi besvarar dina fr\u00e5gor om vanliga sjukdomar och deras symtom och presenterar motsvarande l\u00e4kemedel, deras sammans\u00e4ttning och till\u00e4mpning.<\/p><p>V\u00e5ra experter unders\u00f6ker alla \u00e4mnen enligt de senaste vetenskapliga fynden. Vi vill inte att v\u00e5rt erbjudande ska ers\u00e4tta medicinsk r\u00e5dgivning och professionell behandling. D\u00e4rf\u00f6r r\u00e5der vi dig att konsultera en l\u00e4kare och r\u00e5da dig inte att sj\u00e4lvdiagnostisera och ta medicin.<\/p>\t\t\t\t\t\t<\/div>\n\t\t\t\t<\/div>\n\t\t\t\t\t<\/div>\n\t\t<\/div>\n\t\t\t\t\t\t\t<\/div>\n\t\t<\/section>\n\t\t\t\t\t<\/div>\n\t\t<\/div>\n\t\t\t\t\t\t\t<\/div>\n\t\t<\/section>\n\t\t\t\t\t\t<\/div>\n\t\t\t\t\t<\/div>","protected":false},"excerpt":{"rendered":"<p>\u00dcber uns Ein wenig \u00fcber das Unternehmen Ivermectin-Apotheke ist ein Online-Verzeichnis, in dem Sie Informationen zu Arzneimitteln finden. Sie besch\u00e4ftigen nur qualifiziertes Fachpersonal, das richtige und vollst\u00e4ndige Angaben zu dem ben\u00f6tigten Arzneimittel macht. Unsere Website ist transparent und benutzerfreundlich gestaltet. Beim ersten Besuch unserer Homepage oder bei der Suche nach einem bestimmten Produkt finden unsere&hellip;&nbsp;<a href=\"https:\/\/ivermectin-apotheke.com\/sv\/about-us\/\" class=\"\" rel=\"bookmark\">L\u00e4s mer &raquo;<span class=\"screen-reader-text\">om oss<\/span><\/a><\/p>","protected":false},"author":1,"featured_media":0,"parent":0,"menu_order":0,"comment_status":"closed","ping_status":"closed","template":"elementor_header_footer","meta":{"neve_meta_sidebar":"","neve_meta_container":"","neve_meta_enable_content_width":"","neve_meta_content_width":70,"neve_meta_title_alignment":"","neve_meta_author_avatar":"","neve_post_elements_order":"","neve_meta_disable_header":"","neve_meta_disable_footer":"","neve_meta_disable_title":"","_ti_tpc_template_sync":false,"_ti_tpc_template_id":"iozzo55ykxs7bjt7yo3p"},"yoast_head":"<!-- This site is optimized with the Yoast SEO plugin v17.0 - https:\/\/yoast.com\/wordpress\/plugins\/seo\/ -->\n<title>\u00dcber uns Ivermectin-Apotheke Site<\/title>\n<meta name=\"robots\" content=\"noindex, follow\" \/>\n<meta property=\"og:locale\" content=\"sv_SE\" \/>\n<meta property=\"og:type\" content=\"article\" \/>\n<meta property=\"og:title\" content=\"\u00dcber uns Ivermectin-Apotheke Site\" \/>\n<meta property=\"og:description\" content=\"\u00dcber uns Ein wenig \u00fcber das Unternehmen Ivermectin-Apotheke ist ein Online-Verzeichnis, in dem Sie Informationen zu Arzneimitteln finden. Sie besch\u00e4ftigen nur qualifiziertes Fachpersonal, das richtige und vollst\u00e4ndige Angaben zu dem ben\u00f6tigten Arzneimittel macht. Unsere Website ist transparent und benutzerfreundlich gestaltet. Beim ersten Besuch unserer Homepage oder bei der Suche nach einem bestimmten Produkt finden unsere&hellip;&nbsp;L\u00e4s mer &raquo;\u00dcber uns\" \/>\n<meta property=\"og:url\" content=\"https:\/\/ivermectin-apotheke.com\/sv\/about-us\/\" \/>\n<meta property=\"og:site_name\" content=\"Ivermectin-Apotheke\" \/>\n<meta property=\"article:modified_time\" content=\"2021-08-31T16:16:38+00:00\" \/>\n<meta name=\"twitter:card\" content=\"summary_large_image\" \/>\n<meta name=\"twitter:label1\" content=\"Ber\u00e4knad l\u00e4stid\" \/>\n\t<meta name=\"twitter:data1\" content=\"1 minut\" \/>\n<script type=\"application\/ld+json\" class=\"yoast-schema-graph\">{\"@context\":\"https:\/\/schema.org\",\"@graph\":[{\"@type\":\"WebSite\",\"@id\":\"https:\/\/ivermectin-apotheke.com\/#website\",\"url\":\"https:\/\/ivermectin-apotheke.com\/\",\"name\":\"Ivermectin-Apotheke\",\"description\":\"\",\"potentialAction\":[{\"@type\":\"SearchAction\",\"target\":{\"@type\":\"EntryPoint\",\"urlTemplate\":\"https:\/\/ivermectin-apotheke.com\/?s={search_term_string}\"},\"query-input\":\"required name=search_term_string\"}],\"inLanguage\":\"sv-SE\"},{\"@type\":\"WebPage\",\"@id\":\"https:\/\/ivermectin-apotheke.com\/about-us\/#webpage\",\"url\":\"https:\/\/ivermectin-apotheke.com\/about-us\/\",\"name\":\"\\u00dcber uns Ivermectin-Apotheke Site\",\"isPartOf\":{\"@id\":\"https:\/\/ivermectin-apotheke.com\/#website\"},\"datePublished\":\"2019-09-05T18:26:51+00:00\",\"dateModified\":\"2021-08-31T16:16:38+00:00\",\"breadcrumb\":{\"@id\":\"https:\/\/ivermectin-apotheke.com\/about-us\/#breadcrumb\"},\"inLanguage\":\"sv-SE\",\"potentialAction\":[{\"@type\":\"ReadAction\",\"target\":[\"https:\/\/ivermectin-apotheke.com\/about-us\/\"]}]},{\"@type\":\"BreadcrumbList\",\"@id\":\"https:\/\/ivermectin-apotheke.com\/about-us\/#breadcrumb\",\"itemListElement\":[{\"@type\":\"ListItem\",\"position\":1,\"name\":\"Home\",\"item\":\"https:\/\/ivermectin-apotheke.com\/\"},{\"@type\":\"ListItem\",\"position\":2,\"name\":\"\\u00dcber uns\"}]}]}<\/script>\n<!-- \/ Yoast SEO plugin. -->","yoast_head_json":{"title":"\u00dcber uns Ivermectin-Apotheke Site","robots":{"index":"noindex","follow":"follow"},"og_locale":"sv_SE","og_type":"article","og_title":"\u00dcber uns Ivermectin-Apotheke Site","og_description":"\u00dcber uns Ein wenig \u00fcber das Unternehmen Ivermectin-Apotheke ist ein Online-Verzeichnis, in dem Sie Informationen zu Arzneimitteln finden. Sie besch\u00e4ftigen nur qualifiziertes Fachpersonal, das richtige und vollst\u00e4ndige Angaben zu dem ben\u00f6tigten Arzneimittel macht. Unsere Website ist transparent und benutzerfreundlich gestaltet. Beim ersten Besuch unserer Homepage oder bei der Suche nach einem bestimmten Produkt finden unsere&hellip;&nbsp;L\u00e4s mer &raquo;\u00dcber uns","og_url":"https:\/\/ivermectin-apotheke.com\/sv\/about-us\/","og_site_name":"Ivermectin-Apotheke","article_modified_time":"2021-08-31T16:16:38+00:00","twitter_card":"summary_large_image","twitter_misc":{"Ber\u00e4knad l\u00e4stid":"1 minut"},"schema":{"@context":"https:\/\/schema.org","@graph":[{"@type":"WebSite","@id":"https:\/\/ivermectin-apotheke.com\/#website","url":"https:\/\/ivermectin-apotheke.com\/","name":"Ivermectin-Apotheke","description":"","potentialAction":[{"@type":"SearchAction","target":{"@type":"EntryPoint","urlTemplate":"https:\/\/ivermectin-apotheke.com\/?s={search_term_string}"},"query-input":"required name=search_term_string"}],"inLanguage":"sv-SE"},{"@type":"WebPage","@id":"https:\/\/ivermectin-apotheke.com\/about-us\/#webpage","url":"https:\/\/ivermectin-apotheke.com\/about-us\/","name":"\u00dcber uns Ivermectin-Apotheke Site","isPartOf":{"@id":"https:\/\/ivermectin-apotheke.com\/#website"},"datePublished":"2019-09-05T18:26:51+00:00","dateModified":"2021-08-31T16:16:38+00:00","breadcrumb":{"@id":"https:\/\/ivermectin-apotheke.com\/about-us\/#breadcrumb"},"inLanguage":"sv-SE","potentialAction":[{"@type":"ReadAction","target":["https:\/\/ivermectin-apotheke.com\/about-us\/"]}]},{"@type":"BreadcrumbList","@id":"https:\/\/ivermectin-apotheke.com\/about-us\/#breadcrumb","itemListElement":[{"@type":"ListItem","position":1,"name":"Home","item":"https:\/\/ivermectin-apotheke.com\/"},{"@type":"ListItem","position":2,"name":"\u00dcber uns"}]}]}},"_links":{"self":[{"href":"https:\/\/ivermectin-apotheke.com\/sv\/wp-json\/wp\/v2\/pages\/265"}],"collection":[{"href":"https:\/\/ivermectin-apotheke.com\/sv\/wp-json\/wp\/v2\/pages"}],"about":[{"href":"https:\/\/ivermectin-apotheke.com\/sv\/wp-json\/wp\/v2\/types\/page"}],"author":[{"embeddable":true,"href":"https:\/\/ivermectin-apotheke.com\/sv\/wp-json\/wp\/v2\/users\/1"}],"replies":[{"embeddable":true,"href":"https:\/\/ivermectin-apotheke.com\/sv\/wp-json\/wp\/v2\/comments?post=265"}],"version-history":[{"count":11,"href":"https:\/\/ivermectin-apotheke.com\/sv\/wp-json\/wp\/v2\/pages\/265\/revisions"}],"predecessor-version":[{"id":526,"href":"https:\/\/ivermectin-apotheke.com\/sv\/wp-json\/wp\/v2\/pages\/265\/revisions\/526"}],"wp:attachment":[{"href":"https:\/\/ivermectin-apotheke.com\/sv\/wp-json\/wp\/v2\/media?parent=265"}],"curies":[{"name":"wp","href":"https:\/\/api.w.org\/{rel}","templated":true}]}}