{"id":265,"date":"2019-09-05T18:26:51","date_gmt":"2019-09-05T18:26:51","guid":{"rendered":"https:\/\/demosites.io\/energy-panels\/?page_id=265"},"modified":"2021-08-31T16:16:38","modified_gmt":"2021-08-31T16:16:38","slug":"about-us","status":"publish","type":"page","link":"https:\/\/ivermectin-apotheke.com\/pl\/about-us\/","title":{"rendered":"o nas"},"content":{"rendered":"<div data-elementor-type=\"wp-post\" data-elementor-id=\"265\" class=\"elementor elementor-265\" data-elementor-settings=\"[]\">\n\t\t\t\t\t\t\t<div class=\"elementor-section-wrap\">\n\t\t\t\t\t\t\t<section class=\"elementor-section elementor-top-section elementor-element elementor-element-5b025747 elementor-section-height-min-height elementor-section-boxed elementor-section-height-default elementor-section-items-middle\" data-id=\"5b025747\" data-element_type=\"section\" data-settings=\"{&quot;background_background&quot;:&quot;classic&quot;}\">\n\t\t\t\t\t\t<div class=\"elementor-container elementor-column-gap-default\">\n\t\t\t\t\t<div class=\"elementor-column elementor-col-100 elementor-top-column elementor-element elementor-element-3a1445c4\" data-id=\"3a1445c4\" data-element_type=\"column\">\n\t\t\t<div class=\"elementor-widget-wrap\">\n\t\t\t\t\t\t\t\t\t<\/div>\n\t\t<\/div>\n\t\t\t\t\t\t\t<\/div>\n\t\t<\/section>\n\t\t\t\t<section class=\"elementor-section elementor-top-section elementor-element elementor-element-43167728 elementor-section-boxed elementor-section-height-default elementor-section-height-default\" data-id=\"43167728\" data-element_type=\"section\" data-settings=\"{&quot;background_background&quot;:&quot;classic&quot;}\">\n\t\t\t\t\t\t<div class=\"elementor-container elementor-column-gap-default\">\n\t\t\t\t\t<div class=\"elementor-column elementor-col-50 elementor-top-column elementor-element elementor-element-78888d70\" data-id=\"78888d70\" data-element_type=\"column\" data-settings=\"{&quot;background_background&quot;:&quot;classic&quot;}\">\n\t\t\t<div class=\"elementor-widget-wrap elementor-element-populated\">\n\t\t\t\t\t\t\t\t<div class=\"elementor-element elementor-element-790017cf elementor-widget elementor-widget-heading\" data-id=\"790017cf\" data-element_type=\"widget\" data-widget_type=\"heading.default\">\n\t\t\t\t<div class=\"elementor-widget-container\">\n\t\t\t<h1 class=\"elementor-heading-title elementor-size-default\"><a href=\"https:\/\/ivermectin-apotheke.com\/pl\/287ae-energy-panels-about-us\/\">o nas<\/a><\/h1>\t\t<\/div>\n\t\t\t\t<\/div>\n\t\t\t\t\t<\/div>\n\t\t<\/div>\n\t\t\t\t<div class=\"elementor-column elementor-col-50 elementor-top-column elementor-element elementor-element-6db378d2\" data-id=\"6db378d2\" data-element_type=\"column\">\n\t\t\t<div class=\"elementor-widget-wrap\">\n\t\t\t\t\t\t\t\t\t<\/div>\n\t\t<\/div>\n\t\t\t\t\t\t\t<\/div>\n\t\t<\/section>\n\t\t\t\t<section class=\"elementor-section elementor-top-section elementor-element elementor-element-69b64104 elementor-section-boxed elementor-section-height-default elementor-section-height-default\" data-id=\"69b64104\" data-element_type=\"section\" data-settings=\"{&quot;background_background&quot;:&quot;classic&quot;}\">\n\t\t\t\t\t\t<div class=\"elementor-container elementor-column-gap-default\">\n\t\t\t\t\t<div class=\"elementor-column elementor-col-100 elementor-top-column elementor-element elementor-element-33a11248\" data-id=\"33a11248\" data-element_type=\"column\">\n\t\t\t<div class=\"elementor-widget-wrap elementor-element-populated\">\n\t\t\t\t\t\t\t\t<section class=\"elementor-section elementor-inner-section elementor-element elementor-element-2d6780b0 elementor-section-boxed elementor-section-height-default elementor-section-height-default\" data-id=\"2d6780b0\" data-element_type=\"section\">\n\t\t\t\t\t\t<div class=\"elementor-container elementor-column-gap-default\">\n\t\t\t\t\t<div class=\"elementor-column elementor-col-50 elementor-inner-column elementor-element elementor-element-5333e2bb\" data-id=\"5333e2bb\" data-element_type=\"column\">\n\t\t\t<div class=\"elementor-widget-wrap elementor-element-populated\">\n\t\t\t\t\t\t\t\t<div class=\"elementor-element elementor-element-1e13f86c elementor-widget elementor-widget-heading\" data-id=\"1e13f86c\" data-element_type=\"widget\" data-widget_type=\"heading.default\">\n\t\t\t\t<div class=\"elementor-widget-container\">\n\t\t\t<h2 class=\"elementor-heading-title elementor-size-default\">Troch\u0119 o firmie<\/h2>\t\t<\/div>\n\t\t\t\t<\/div>\n\t\t\t\t\t<\/div>\n\t\t<\/div>\n\t\t\t\t<div class=\"elementor-column elementor-col-50 elementor-inner-column elementor-element elementor-element-66d965dd\" data-id=\"66d965dd\" data-element_type=\"column\">\n\t\t\t<div class=\"elementor-widget-wrap elementor-element-populated\">\n\t\t\t\t\t\t\t\t<div class=\"elementor-element elementor-element-18583af6 elementor-widget elementor-widget-text-editor\" data-id=\"18583af6\" data-element_type=\"widget\" data-widget_type=\"text-editor.default\">\n\t\t\t\t<div class=\"elementor-widget-container\">\n\t\t\t\t\t\t\t<p>Apteka Ivermectin to internetowy katalog zawieraj\u0105cy informacje o lekach. Zatrudniaj\u0105 wy\u0142\u0105cznie wykwalifikowanych specjalist\u00f3w, kt\u00f3rzy udzielaj\u0105 prawid\u0142owych i pe\u0142nych informacji o wymaganym produkcie leczniczym.<\/p><p>Nasza strona internetowa zosta\u0142a zaprojektowana tak, aby by\u0142a przejrzysta i przyjazna dla u\u017cytkownika. Odwiedzaj\u0105c nasz\u0105 stron\u0119 g\u0142\u00f3wn\u0105 po raz pierwszy lub szukaj\u0105c konkretnego produktu, nasi go\u015bcie zawsze szybko znajduj\u0105 informacje, kt\u00f3rych szukaj\u0105.<\/p><p>Poniewa\u017c istnieje obecnie wiele aptek internetowych, sklep\u00f3w internetowych i witryn internetowych, kt\u00f3re podaj\u0105 fa\u0142szywe informacje, nie chcemy, aby ludzie otrzymywali fa\u0142szywe informacje. W zwi\u0105zku z tym nie ma mo\u017cliwo\u015bci zakupu lub zam\u00f3wienia lek\u00f3w na naszej stronie internetowej, mo\u017cesz jedynie zapozna\u0107 si\u0119 z informacjami o leku, kt\u00f3ry Ci\u0119 interesuje.<\/p><p><strong>WA\u017bNY!<\/strong> Kupowanie lek\u00f3w przez Internet nie zast\u0119puje wizyty u lekarza.<\/p><p>Jako\u015b\u0107 jest naszym najwy\u017cszym priorytetem<br \/>Strona internetowa Ivermectin Pharmacy ma na celu zaprezentowanie wysokiej jako\u015bci niezale\u017cnych tre\u015bci lek\u00f3w. Odpowiadamy na Pa\u0144stwa pytania dotycz\u0105ce cz\u0119stych chor\u00f3b i ich objaw\u00f3w oraz przedstawiamy odpowiednie leki, ich sk\u0142ad i zastosowanie.<\/p><p>Nasi eksperci badaj\u0105 wszystkie tematy zgodnie z najnowszymi odkryciami naukowymi. Nie chcemy, aby nasza oferta zast\u0105pi\u0142a porad\u0119 lekarsk\u0105 i profesjonalne leczenie. Dlatego radzimy skonsultowa\u0107 si\u0119 z lekarzem i nie radzimy samodzielnej diagnozy i przyjmowania lek\u00f3w.<\/p>\t\t\t\t\t\t<\/div>\n\t\t\t\t<\/div>\n\t\t\t\t\t<\/div>\n\t\t<\/div>\n\t\t\t\t\t\t\t<\/div>\n\t\t<\/section>\n\t\t\t\t\t<\/div>\n\t\t<\/div>\n\t\t\t\t\t\t\t<\/div>\n\t\t<\/section>\n\t\t\t\t\t\t<\/div>\n\t\t\t\t\t<\/div>","protected":false},"excerpt":{"rendered":"<p>\u00dcber uns Ein wenig \u00fcber das Unternehmen Ivermectin-Apotheke ist ein Online-Verzeichnis, in dem Sie Informationen zu Arzneimitteln finden. Sie besch\u00e4ftigen nur qualifiziertes Fachpersonal, das richtige und vollst\u00e4ndige Angaben zu dem ben\u00f6tigten Arzneimittel macht. Unsere Website ist transparent und benutzerfreundlich gestaltet. Beim ersten Besuch unserer Homepage oder bei der Suche nach einem bestimmten Produkt finden unsere&hellip;&nbsp;<a href=\"https:\/\/ivermectin-apotheke.com\/pl\/about-us\/\" class=\"\" rel=\"bookmark\">Czytaj dalej &raquo;<span class=\"screen-reader-text\">o nas<\/span><\/a><\/p>","protected":false},"author":1,"featured_media":0,"parent":0,"menu_order":0,"comment_status":"closed","ping_status":"closed","template":"elementor_header_footer","meta":{"neve_meta_sidebar":"","neve_meta_container":"","neve_meta_enable_content_width":"","neve_meta_content_width":70,"neve_meta_title_alignment":"","neve_meta_author_avatar":"","neve_post_elements_order":"","neve_meta_disable_header":"","neve_meta_disable_footer":"","neve_meta_disable_title":"","_ti_tpc_template_sync":false,"_ti_tpc_template_id":"iozzo55ykxs7bjt7yo3p"},"yoast_head":"<!-- This site is optimized with the Yoast SEO plugin v17.0 - https:\/\/yoast.com\/wordpress\/plugins\/seo\/ -->\n<title>\u00dcber uns Ivermectin-Apotheke Site<\/title>\n<meta name=\"robots\" content=\"noindex, follow\" \/>\n<meta property=\"og:locale\" content=\"pl_PL\" \/>\n<meta property=\"og:type\" content=\"article\" \/>\n<meta property=\"og:title\" content=\"\u00dcber uns Ivermectin-Apotheke Site\" \/>\n<meta property=\"og:description\" content=\"\u00dcber uns Ein wenig \u00fcber das Unternehmen Ivermectin-Apotheke ist ein Online-Verzeichnis, in dem Sie Informationen zu Arzneimitteln finden. Sie besch\u00e4ftigen nur qualifiziertes Fachpersonal, das richtige und vollst\u00e4ndige Angaben zu dem ben\u00f6tigten Arzneimittel macht. Unsere Website ist transparent und benutzerfreundlich gestaltet. Beim ersten Besuch unserer Homepage oder bei der Suche nach einem bestimmten Produkt finden unsere&hellip;&nbsp;Czytaj dalej &raquo;\u00dcber uns\" \/>\n<meta property=\"og:url\" content=\"https:\/\/ivermectin-apotheke.com\/pl\/about-us\/\" \/>\n<meta property=\"og:site_name\" content=\"Ivermectin-Apotheke\" \/>\n<meta property=\"article:modified_time\" content=\"2021-08-31T16:16:38+00:00\" \/>\n<meta name=\"twitter:card\" content=\"summary_large_image\" \/>\n<meta name=\"twitter:label1\" content=\"Szacowany czas czytania\" \/>\n\t<meta name=\"twitter:data1\" content=\"1 minuta\" \/>\n<script type=\"application\/ld+json\" class=\"yoast-schema-graph\">{\"@context\":\"https:\/\/schema.org\",\"@graph\":[{\"@type\":\"WebSite\",\"@id\":\"https:\/\/ivermectin-apotheke.com\/#website\",\"url\":\"https:\/\/ivermectin-apotheke.com\/\",\"name\":\"Ivermectin-Apotheke\",\"description\":\"\",\"potentialAction\":[{\"@type\":\"SearchAction\",\"target\":{\"@type\":\"EntryPoint\",\"urlTemplate\":\"https:\/\/ivermectin-apotheke.com\/?s={search_term_string}\"},\"query-input\":\"required name=search_term_string\"}],\"inLanguage\":\"pl-PL\"},{\"@type\":\"WebPage\",\"@id\":\"https:\/\/ivermectin-apotheke.com\/about-us\/#webpage\",\"url\":\"https:\/\/ivermectin-apotheke.com\/about-us\/\",\"name\":\"\\u00dcber uns Ivermectin-Apotheke Site\",\"isPartOf\":{\"@id\":\"https:\/\/ivermectin-apotheke.com\/#website\"},\"datePublished\":\"2019-09-05T18:26:51+00:00\",\"dateModified\":\"2021-08-31T16:16:38+00:00\",\"breadcrumb\":{\"@id\":\"https:\/\/ivermectin-apotheke.com\/about-us\/#breadcrumb\"},\"inLanguage\":\"pl-PL\",\"potentialAction\":[{\"@type\":\"ReadAction\",\"target\":[\"https:\/\/ivermectin-apotheke.com\/about-us\/\"]}]},{\"@type\":\"BreadcrumbList\",\"@id\":\"https:\/\/ivermectin-apotheke.com\/about-us\/#breadcrumb\",\"itemListElement\":[{\"@type\":\"ListItem\",\"position\":1,\"name\":\"Home\",\"item\":\"https:\/\/ivermectin-apotheke.com\/\"},{\"@type\":\"ListItem\",\"position\":2,\"name\":\"\\u00dcber uns\"}]}]}<\/script>\n<!-- \/ Yoast SEO plugin. -->","yoast_head_json":{"title":"\u00dcber uns Ivermectin-Apotheke Site","robots":{"index":"noindex","follow":"follow"},"og_locale":"pl_PL","og_type":"article","og_title":"\u00dcber uns Ivermectin-Apotheke Site","og_description":"\u00dcber uns Ein wenig \u00fcber das Unternehmen Ivermectin-Apotheke ist ein Online-Verzeichnis, in dem Sie Informationen zu Arzneimitteln finden. Sie besch\u00e4ftigen nur qualifiziertes Fachpersonal, das richtige und vollst\u00e4ndige Angaben zu dem ben\u00f6tigten Arzneimittel macht. Unsere Website ist transparent und benutzerfreundlich gestaltet. Beim ersten Besuch unserer Homepage oder bei der Suche nach einem bestimmten Produkt finden unsere&hellip;&nbsp;Czytaj dalej &raquo;\u00dcber uns","og_url":"https:\/\/ivermectin-apotheke.com\/pl\/about-us\/","og_site_name":"Ivermectin-Apotheke","article_modified_time":"2021-08-31T16:16:38+00:00","twitter_card":"summary_large_image","twitter_misc":{"Szacowany czas czytania":"1 minuta"},"schema":{"@context":"https:\/\/schema.org","@graph":[{"@type":"WebSite","@id":"https:\/\/ivermectin-apotheke.com\/#website","url":"https:\/\/ivermectin-apotheke.com\/","name":"Ivermectin-Apotheke","description":"","potentialAction":[{"@type":"SearchAction","target":{"@type":"EntryPoint","urlTemplate":"https:\/\/ivermectin-apotheke.com\/?s={search_term_string}"},"query-input":"required name=search_term_string"}],"inLanguage":"pl-PL"},{"@type":"WebPage","@id":"https:\/\/ivermectin-apotheke.com\/about-us\/#webpage","url":"https:\/\/ivermectin-apotheke.com\/about-us\/","name":"\u00dcber uns Ivermectin-Apotheke Site","isPartOf":{"@id":"https:\/\/ivermectin-apotheke.com\/#website"},"datePublished":"2019-09-05T18:26:51+00:00","dateModified":"2021-08-31T16:16:38+00:00","breadcrumb":{"@id":"https:\/\/ivermectin-apotheke.com\/about-us\/#breadcrumb"},"inLanguage":"pl-PL","potentialAction":[{"@type":"ReadAction","target":["https:\/\/ivermectin-apotheke.com\/about-us\/"]}]},{"@type":"BreadcrumbList","@id":"https:\/\/ivermectin-apotheke.com\/about-us\/#breadcrumb","itemListElement":[{"@type":"ListItem","position":1,"name":"Home","item":"https:\/\/ivermectin-apotheke.com\/"},{"@type":"ListItem","position":2,"name":"\u00dcber uns"}]}]}},"_links":{"self":[{"href":"https:\/\/ivermectin-apotheke.com\/pl\/wp-json\/wp\/v2\/pages\/265"}],"collection":[{"href":"https:\/\/ivermectin-apotheke.com\/pl\/wp-json\/wp\/v2\/pages"}],"about":[{"href":"https:\/\/ivermectin-apotheke.com\/pl\/wp-json\/wp\/v2\/types\/page"}],"author":[{"embeddable":true,"href":"https:\/\/ivermectin-apotheke.com\/pl\/wp-json\/wp\/v2\/users\/1"}],"replies":[{"embeddable":true,"href":"https:\/\/ivermectin-apotheke.com\/pl\/wp-json\/wp\/v2\/comments?post=265"}],"version-history":[{"count":11,"href":"https:\/\/ivermectin-apotheke.com\/pl\/wp-json\/wp\/v2\/pages\/265\/revisions"}],"predecessor-version":[{"id":526,"href":"https:\/\/ivermectin-apotheke.com\/pl\/wp-json\/wp\/v2\/pages\/265\/revisions\/526"}],"wp:attachment":[{"href":"https:\/\/ivermectin-apotheke.com\/pl\/wp-json\/wp\/v2\/media?parent=265"}],"curies":[{"name":"wp","href":"https:\/\/api.w.org\/{rel}","templated":true}]}}