{"id":267,"date":"2019-09-05T18:31:25","date_gmt":"2019-09-05T18:31:25","guid":{"rendered":"https:\/\/demosites.io\/energy-panels\/?page_id=267"},"modified":"2021-08-31T16:15:56","modified_gmt":"2021-08-31T16:15:56","slug":"contacts","status":"publish","type":"page","link":"https:\/\/ivermectin-apotheke.com\/nl\/contacts\/","title":{"rendered":"Contact"},"content":{"rendered":"<div data-elementor-type=\"wp-post\" data-elementor-id=\"267\" class=\"elementor elementor-267\" data-elementor-settings=\"[]\">\n\t\t\t\t\t\t\t<div class=\"elementor-section-wrap\">\n\t\t\t\t\t\t\t<section class=\"elementor-section elementor-top-section elementor-element elementor-element-1ddfab55 elementor-section-height-min-height elementor-section-boxed elementor-section-height-default elementor-section-items-middle\" data-id=\"1ddfab55\" data-element_type=\"section\" data-settings=\"{&quot;background_background&quot;:&quot;classic&quot;}\">\n\t\t\t\t\t\t<div class=\"elementor-container elementor-column-gap-default\">\n\t\t\t\t\t<div class=\"elementor-column elementor-col-100 elementor-top-column elementor-element elementor-element-5ed4e76c\" data-id=\"5ed4e76c\" data-element_type=\"column\">\n\t\t\t<div class=\"elementor-widget-wrap\">\n\t\t\t\t\t\t\t\t\t<\/div>\n\t\t<\/div>\n\t\t\t\t\t\t\t<\/div>\n\t\t<\/section>\n\t\t\t\t<section class=\"elementor-section elementor-top-section elementor-element elementor-element-20332d1c elementor-section-boxed elementor-section-height-default elementor-section-height-default\" data-id=\"20332d1c\" data-element_type=\"section\" data-settings=\"{&quot;background_background&quot;:&quot;classic&quot;}\">\n\t\t\t\t\t\t<div class=\"elementor-container elementor-column-gap-default\">\n\t\t\t\t\t<div class=\"elementor-column elementor-col-50 elementor-top-column elementor-element elementor-element-4792b36\" data-id=\"4792b36\" data-element_type=\"column\" data-settings=\"{&quot;background_background&quot;:&quot;classic&quot;}\">\n\t\t\t<div class=\"elementor-widget-wrap elementor-element-populated\">\n\t\t\t\t\t\t\t\t<div class=\"elementor-element elementor-element-3c88b8ff elementor-widget elementor-widget-heading\" data-id=\"3c88b8ff\" data-element_type=\"widget\" data-widget_type=\"heading.default\">\n\t\t\t\t<div class=\"elementor-widget-container\">\n\t\t\t<h1 class=\"elementor-heading-title elementor-size-default\">Contact<\/h1>\t\t<\/div>\n\t\t\t\t<\/div>\n\t\t\t\t<div class=\"elementor-element elementor-element-41e4a648 elementor-widget elementor-widget-text-editor\" data-id=\"41e4a648\" data-element_type=\"widget\" data-widget_type=\"text-editor.default\">\n\t\t\t\t<div class=\"elementor-widget-container\">\n\t\t\t\t\t\t\t<p>Als u advies nodig heeft over medicatie, kunt u altijd contact met ons opnemen door het formulier in te vullen of door ons te mailen<\/p>\t\t\t\t\t\t<\/div>\n\t\t\t\t<\/div>\n\t\t\t\t\t<\/div>\n\t\t<\/div>\n\t\t\t\t<div class=\"elementor-column elementor-col-50 elementor-top-column elementor-element elementor-element-2925bd11\" data-id=\"2925bd11\" data-element_type=\"column\">\n\t\t\t<div class=\"elementor-widget-wrap\">\n\t\t\t\t\t\t\t\t\t<\/div>\n\t\t<\/div>\n\t\t\t\t\t\t\t<\/div>\n\t\t<\/section>\n\t\t\t\t<section class=\"elementor-section elementor-top-section elementor-element elementor-element-1427eee4 elementor-section-boxed elementor-section-height-default elementor-section-height-default\" data-id=\"1427eee4\" data-element_type=\"section\" data-settings=\"{&quot;background_background&quot;:&quot;classic&quot;}\">\n\t\t\t\t\t\t<div class=\"elementor-container elementor-column-gap-default\">\n\t\t\t\t\t<div class=\"elementor-column elementor-col-100 elementor-top-column elementor-element elementor-element-4a673483\" data-id=\"4a673483\" data-element_type=\"column\">\n\t\t\t<div class=\"elementor-widget-wrap elementor-element-populated\">\n\t\t\t\t\t\t\t\t<section class=\"elementor-section elementor-inner-section elementor-element elementor-element-6de5476e elementor-section-boxed elementor-section-height-default elementor-section-height-default\" data-id=\"6de5476e\" data-element_type=\"section\">\n\t\t\t\t\t\t<div class=\"elementor-container elementor-column-gap-default\">\n\t\t\t\t\t<div class=\"elementor-column elementor-col-50 elementor-inner-column elementor-element elementor-element-462eb423\" data-id=\"462eb423\" data-element_type=\"column\">\n\t\t\t<div class=\"elementor-widget-wrap elementor-element-populated\">\n\t\t\t\t\t\t\t\t<div class=\"elementor-element elementor-element-1b394820 elementor-view-framed elementor-shape-circle elementor-position-top elementor-vertical-align-top elementor-widget elementor-widget-icon-box\" data-id=\"1b394820\" data-element_type=\"widget\" data-widget_type=\"icon-box.default\">\n\t\t\t\t<div class=\"elementor-widget-container\">\n\t\t\t\t\t<div class=\"elementor-icon-box-wrapper\">\n\t\t\t\t\t\t<div class=\"elementor-icon-box-icon\">\n\t\t\t\t<a class=\"elementor-icon elementor-animation-\" href=\"tel:+44-3313736483\">\n\t\t\t\t<i aria-hidden=\"true\" class=\"fas fa-phone\"><\/i>\t\t\t\t<\/a>\n\t\t\t<\/div>\n\t\t\t\t\t\t<div class=\"elementor-icon-box-content\">\n\t\t\t\t<h3 class=\"elementor-icon-box-title\">\n\t\t\t\t\t<a href=\"tel:+44-3313736483\" >\n\t\t\t\t\t\t+41 221 982 578 14\t\t\t\t\t<\/a>\n\t\t\t\t<\/h3>\n\t\t\t\t\t\t\t\t\t<p class=\"elementor-icon-box-description\">\n\t\t\t\t\t\tBel ons als u hulp nodig heeft en wij helpen u graag verder.\t\t\t\t\t<\/p>\n\t\t\t\t\t\t\t<\/div>\n\t\t<\/div>\n\t\t\t\t<\/div>\n\t\t\t\t<\/div>\n\t\t\t\t\t<\/div>\n\t\t<\/div>\n\t\t\t\t<div class=\"elementor-column elementor-col-50 elementor-inner-column elementor-element elementor-element-d7eaa12\" data-id=\"d7eaa12\" data-element_type=\"column\">\n\t\t\t<div class=\"elementor-widget-wrap elementor-element-populated\">\n\t\t\t\t\t\t\t\t<div class=\"elementor-element elementor-element-67470f5 elementor-view-framed elementor-shape-circle elementor-position-top elementor-vertical-align-top elementor-widget elementor-widget-icon-box\" data-id=\"67470f5\" data-element_type=\"widget\" data-widget_type=\"icon-box.default\">\n\t\t\t\t<div class=\"elementor-widget-container\">\n\t\t\t\t\t<div class=\"elementor-icon-box-wrapper\">\n\t\t\t\t\t\t<div class=\"elementor-icon-box-icon\">\n\t\t\t\t<a class=\"elementor-icon elementor-animation-\" href=\"\">\n\t\t\t\t<i aria-hidden=\"true\" class=\"fas fa-envelope\"><\/i>\t\t\t\t<\/a>\n\t\t\t<\/div>\n\t\t\t\t\t\t<div class=\"elementor-icon-box-content\">\n\t\t\t\t<h3 class=\"elementor-icon-box-title\">\n\t\t\t\t\t<a href=\"\" >\n\t\t\t\t\t\tcontacten@ivermectin-apotheke.com\t\t\t\t\t<\/a>\n\t\t\t\t<\/h3>\n\t\t\t\t\t\t\t\t\t<p class=\"elementor-icon-box-description\">\n\t\t\t\t\t\tBel ons als u hulp nodig heeft en wij helpen u graag verder.\t\t\t\t\t<\/p>\n\t\t\t\t\t\t\t<\/div>\n\t\t<\/div>\n\t\t\t\t<\/div>\n\t\t\t\t<\/div>\n\t\t\t\t\t<\/div>\n\t\t<\/div>\n\t\t\t\t\t\t\t<\/div>\n\t\t<\/section>\n\t\t\t\t\t<\/div>\n\t\t<\/div>\n\t\t\t\t\t\t\t<\/div>\n\t\t<\/section>\n\t\t\t\t<section class=\"elementor-section elementor-top-section elementor-element elementor-element-bfeeab8 elementor-section-boxed elementor-section-height-default elementor-section-height-default\" data-id=\"bfeeab8\" data-element_type=\"section\" data-settings=\"{&quot;background_background&quot;:&quot;classic&quot;}\">\n\t\t\t\t\t\t<div class=\"elementor-container elementor-column-gap-default\">\n\t\t\t\t\t<div class=\"elementor-column elementor-col-100 elementor-top-column elementor-element elementor-element-7d1b273a\" data-id=\"7d1b273a\" data-element_type=\"column\">\n\t\t\t<div class=\"elementor-widget-wrap elementor-element-populated\">\n\t\t\t\t\t\t\t\t<section class=\"elementor-section elementor-inner-section elementor-element elementor-element-2753cd93 elementor-section-boxed elementor-section-height-default elementor-section-height-default\" data-id=\"2753cd93\" data-element_type=\"section\">\n\t\t\t\t\t\t<div class=\"elementor-container elementor-column-gap-default\">\n\t\t\t\t\t<div class=\"elementor-column elementor-col-50 elementor-inner-column elementor-element elementor-element-304de364\" data-id=\"304de364\" data-element_type=\"column\">\n\t\t\t<div class=\"elementor-widget-wrap elementor-element-populated\">\n\t\t\t\t\t\t\t\t<div class=\"elementor-element elementor-element-55a062f2 elementor-widget elementor-widget-heading\" data-id=\"55a062f2\" data-element_type=\"widget\" data-widget_type=\"heading.default\">\n\t\t\t\t<div class=\"elementor-widget-container\">\n\t\t\t<h2 class=\"elementor-heading-title elementor-size-default\">Neem contact met ons op via dit formulier!<\/h2>\t\t<\/div>\n\t\t\t\t<\/div>\n\t\t\t\t<div class=\"elementor-element elementor-element-4bd7bc20 elementor-widget elementor-widget-spacer\" data-id=\"4bd7bc20\" data-element_type=\"widget\" data-widget_type=\"spacer.default\">\n\t\t\t\t<div class=\"elementor-widget-container\">\n\t\t\t\t\t<div class=\"elementor-spacer\">\n\t\t\t<div class=\"elementor-spacer-inner\"><\/div>\n\t\t<\/div>\n\t\t\t\t<\/div>\n\t\t\t\t<\/div>\n\t\t\t\t<div class=\"elementor-element elementor-element-3a500a55 text-normal elementor-widget elementor-widget-heading\" data-id=\"3a500a55\" data-element_type=\"widget\" data-widget_type=\"heading.default\">\n\t\t\t\t<div class=\"elementor-widget-container\">\n\t\t\t<span class=\"elementor-heading-title elementor-size-default\">Als u advies nodig heeft over medicatie, kunt u altijd contact met ons opnemen door het formulier in te vullen of door ons te mailen<\/span>\t\t<\/div>\n\t\t\t\t<\/div>\n\t\t\t\t<div class=\"elementor-element elementor-element-1f0199cd elementor-widget elementor-widget-spacer\" data-id=\"1f0199cd\" data-element_type=\"widget\" data-widget_type=\"spacer.default\">\n\t\t\t\t<div class=\"elementor-widget-container\">\n\t\t\t\t\t<div class=\"elementor-spacer\">\n\t\t\t<div class=\"elementor-spacer-inner\"><\/div>\n\t\t<\/div>\n\t\t\t\t<\/div>\n\t\t\t\t<\/div>\n\t\t\t\t\t<\/div>\n\t\t<\/div>\n\t\t\t\t<div class=\"elementor-column elementor-col-50 elementor-inner-column elementor-element elementor-element-4c9d9e8c\" data-id=\"4c9d9e8c\" data-element_type=\"column\" data-settings=\"{&quot;background_background&quot;:&quot;classic&quot;}\">\n\t\t\t<div class=\"elementor-widget-wrap elementor-element-populated\">\n\t\t\t\t\t\t\t\t<div class=\"elementor-element elementor-element-36009ba3 elementor-widget elementor-widget-content_form_contact\" data-id=\"36009ba3\" data-element_type=\"widget\" data-widget_type=\"content_form_contact.default\">\n\t\t\t\t<div class=\"elementor-widget-container\">\n\t\t\t<form action=\"https:\/\/ivermectin-apotheke.com\/wp-admin\/admin-post.php\" method=\"post\" name=\"content-form-36009ba3\" id=\"content-form-36009ba3\" class=\"ti-cf-module content-form content-form-contact content_form_contact\" data-trp-original-action=\"https:\/\/ivermectin-apotheke.com\/wp-admin\/admin-post.php\"><input type=\"hidden\" id=\"_wpnonce_contact\" name=\"_wpnonce_contact\" value=\"34fcf0e4c9\" \/><input type=\"hidden\" name=\"_wp_http_referer\" value=\"\/nl\/wp-json\/wp\/v2\/pages\/267\" \/><input type=\"hidden\" name=\"action\" value=\"content_form_submit\" \/><input type=\"hidden\" name=\"form-type\" value=\"contact\" \/><input type=\"hidden\" name=\"form-builder\" value=\"elementor\" \/><input type=\"hidden\" name=\"post-id\" value=\"267\" \/><input type=\"hidden\" name=\"form-id\" value=\"36009ba3\" \/><fieldset class=\"content-form-field-text elementor-column elementor-col-100\"><label for=\"data[36009ba3][name]\" >Achternaam<span class=\"required-mark\"> *<\/span><\/label><input type=\"text\" name=\"data[36009ba3][name]\" id=\"data[36009ba3][name]\" required=\"required\"  placeholder=\"Uw naam\"><\/fieldset><fieldset class=\"content-form-field-email elementor-column elementor-col-100\"><label for=\"data[36009ba3][email]\" >E-mail<span class=\"required-mark\"> *<\/span><\/label><input type=\"text\" name=\"data[36009ba3][email]\" id=\"data[36009ba3][email]\" required=\"required\"  placeholder=\"E-mailadres\"><\/fieldset><fieldset class=\"content-form-field-textarea elementor-column elementor-col-100\"><label for=\"data[36009ba3][message]\" >nieuws<span class=\"required-mark\"> *<\/span><\/label><textarea name=\"data[36009ba3][message]\" id=\"data[36009ba3][message]\"  required=\"required\" placeholder=\"Uw bericht\" cols=\"30\" rows=\"5\"><\/textarea><\/fieldset><fieldset class=\"submit-form contact\"><button type=\"submit\" name=\"submit\"  value=\"submit-contact-36009ba3\" class=\"\">Indienen<\/button><\/fieldset><input type=\"hidden\" name=\"trp-form-language\" value=\"nl\"\/><\/form>\t\t<\/div>\n\t\t\t\t<\/div>\n\t\t\t\t\t<\/div>\n\t\t<\/div>\n\t\t\t\t\t\t\t<\/div>\n\t\t<\/section>\n\t\t\t\t\t<\/div>\n\t\t<\/div>\n\t\t\t\t\t\t\t<\/div>\n\t\t<\/section>\n\t\t\t\t\t\t<\/div>\n\t\t\t\t\t<\/div>","protected":false},"excerpt":{"rendered":"<p>Kontakt Wenn Sie eine Beratung zu Medikamenten ben\u00f6tigen, k\u00f6nnen Sie uns jederzeit kontaktieren, indem Sie das Formular ausf\u00fcllen oder uns per E-Mail schreiben +41 221 982 578 14 Rufen Sie uns an, wenn Sie Hilfe ben\u00f6tigen, und wir helfen Ihnen gerne. contacts@ivermectin-apotheke.com Rufen Sie uns an, wenn Sie Hilfe ben\u00f6tigen, und wir helfen Ihnen gerne.\u200b&hellip;&nbsp;<a href=\"https:\/\/ivermectin-apotheke.com\/nl\/contacts\/\" class=\"\" rel=\"bookmark\">Lees verder &raquo;<span class=\"screen-reader-text\">Contact<\/span><\/a><\/p>","protected":false},"author":1,"featured_media":0,"parent":0,"menu_order":0,"comment_status":"closed","ping_status":"closed","template":"elementor_header_footer","meta":{"neve_meta_sidebar":"","neve_meta_container":"","neve_meta_enable_content_width":"","neve_meta_content_width":70,"neve_meta_title_alignment":"","neve_meta_author_avatar":"","neve_post_elements_order":"","neve_meta_disable_header":"","neve_meta_disable_footer":"","neve_meta_disable_title":"","_ti_tpc_template_sync":false,"_ti_tpc_template_id":"a8zsulypqgzww45y4zuu"},"yoast_head":"<!-- This site is optimized with the Yoast SEO plugin v17.0 - https:\/\/yoast.com\/wordpress\/plugins\/seo\/ -->\n<title>Kontakt Ivermectin-Apotheke SIte<\/title>\n<meta name=\"robots\" content=\"noindex, follow\" \/>\n<meta property=\"og:locale\" content=\"nl_NL\" \/>\n<meta property=\"og:type\" content=\"article\" \/>\n<meta property=\"og:title\" content=\"Kontakt Ivermectin-Apotheke SIte\" \/>\n<meta property=\"og:description\" content=\"Kontakt Wenn Sie eine Beratung zu Medikamenten ben\u00f6tigen, k\u00f6nnen Sie uns jederzeit kontaktieren, indem Sie das Formular ausf\u00fcllen oder uns per E-Mail schreiben +41 221 982 578 14 Rufen Sie uns an, wenn Sie Hilfe ben\u00f6tigen, und wir helfen Ihnen gerne. contacts@ivermectin-apotheke.com Rufen Sie uns an, wenn Sie Hilfe ben\u00f6tigen, und wir helfen Ihnen gerne.\u200b&hellip;&nbsp;Lees verder &raquo;Kontakt\" \/>\n<meta property=\"og:url\" content=\"https:\/\/ivermectin-apotheke.com\/nl\/contacts\/\" \/>\n<meta property=\"og:site_name\" content=\"Ivermectin-Apotheke\" \/>\n<meta property=\"article:modified_time\" content=\"2021-08-31T16:15:56+00:00\" \/>\n<meta name=\"twitter:card\" content=\"summary_large_image\" \/>\n<meta name=\"twitter:label1\" content=\"Geschatte leestijd\" \/>\n\t<meta name=\"twitter:data1\" content=\"1 minuut\" \/>\n<script type=\"application\/ld+json\" class=\"yoast-schema-graph\">{\"@context\":\"https:\/\/schema.org\",\"@graph\":[{\"@type\":\"WebSite\",\"@id\":\"https:\/\/ivermectin-apotheke.com\/#website\",\"url\":\"https:\/\/ivermectin-apotheke.com\/\",\"name\":\"Ivermectin-Apotheke\",\"description\":\"\",\"potentialAction\":[{\"@type\":\"SearchAction\",\"target\":{\"@type\":\"EntryPoint\",\"urlTemplate\":\"https:\/\/ivermectin-apotheke.com\/?s={search_term_string}\"},\"query-input\":\"required name=search_term_string\"}],\"inLanguage\":\"nl\"},{\"@type\":\"WebPage\",\"@id\":\"https:\/\/ivermectin-apotheke.com\/contacts\/#webpage\",\"url\":\"https:\/\/ivermectin-apotheke.com\/contacts\/\",\"name\":\"Kontakt Ivermectin-Apotheke SIte\",\"isPartOf\":{\"@id\":\"https:\/\/ivermectin-apotheke.com\/#website\"},\"datePublished\":\"2019-09-05T18:31:25+00:00\",\"dateModified\":\"2021-08-31T16:15:56+00:00\",\"breadcrumb\":{\"@id\":\"https:\/\/ivermectin-apotheke.com\/contacts\/#breadcrumb\"},\"inLanguage\":\"nl\",\"potentialAction\":[{\"@type\":\"ReadAction\",\"target\":[\"https:\/\/ivermectin-apotheke.com\/contacts\/\"]}]},{\"@type\":\"BreadcrumbList\",\"@id\":\"https:\/\/ivermectin-apotheke.com\/contacts\/#breadcrumb\",\"itemListElement\":[{\"@type\":\"ListItem\",\"position\":1,\"name\":\"Home\",\"item\":\"https:\/\/ivermectin-apotheke.com\/\"},{\"@type\":\"ListItem\",\"position\":2,\"name\":\"Kontakt\"}]}]}<\/script>\n<!-- \/ Yoast SEO plugin. -->","yoast_head_json":{"title":"Kontakt Ivermectin-Apotheke SIte","robots":{"index":"noindex","follow":"follow"},"og_locale":"nl_NL","og_type":"article","og_title":"Kontakt Ivermectin-Apotheke SIte","og_description":"Kontakt Wenn Sie eine Beratung zu Medikamenten ben\u00f6tigen, k\u00f6nnen Sie uns jederzeit kontaktieren, indem Sie das Formular ausf\u00fcllen oder uns per E-Mail schreiben +41 221 982 578 14 Rufen Sie uns an, wenn Sie Hilfe ben\u00f6tigen, und wir helfen Ihnen gerne. contacts@ivermectin-apotheke.com Rufen Sie uns an, wenn Sie Hilfe ben\u00f6tigen, und wir helfen Ihnen gerne.\u200b&hellip;&nbsp;Lees verder &raquo;Kontakt","og_url":"https:\/\/ivermectin-apotheke.com\/nl\/contacts\/","og_site_name":"Ivermectin-Apotheke","article_modified_time":"2021-08-31T16:15:56+00:00","twitter_card":"summary_large_image","twitter_misc":{"Geschatte leestijd":"1 minuut"},"schema":{"@context":"https:\/\/schema.org","@graph":[{"@type":"WebSite","@id":"https:\/\/ivermectin-apotheke.com\/#website","url":"https:\/\/ivermectin-apotheke.com\/","name":"Ivermectin-Apotheke","description":"","potentialAction":[{"@type":"SearchAction","target":{"@type":"EntryPoint","urlTemplate":"https:\/\/ivermectin-apotheke.com\/?s={search_term_string}"},"query-input":"required name=search_term_string"}],"inLanguage":"nl"},{"@type":"WebPage","@id":"https:\/\/ivermectin-apotheke.com\/contacts\/#webpage","url":"https:\/\/ivermectin-apotheke.com\/contacts\/","name":"Kontakt Ivermectin-Apotheke SIte","isPartOf":{"@id":"https:\/\/ivermectin-apotheke.com\/#website"},"datePublished":"2019-09-05T18:31:25+00:00","dateModified":"2021-08-31T16:15:56+00:00","breadcrumb":{"@id":"https:\/\/ivermectin-apotheke.com\/contacts\/#breadcrumb"},"inLanguage":"nl","potentialAction":[{"@type":"ReadAction","target":["https:\/\/ivermectin-apotheke.com\/contacts\/"]}]},{"@type":"BreadcrumbList","@id":"https:\/\/ivermectin-apotheke.com\/contacts\/#breadcrumb","itemListElement":[{"@type":"ListItem","position":1,"name":"Home","item":"https:\/\/ivermectin-apotheke.com\/"},{"@type":"ListItem","position":2,"name":"Kontakt"}]}]}},"_links":{"self":[{"href":"https:\/\/ivermectin-apotheke.com\/nl\/wp-json\/wp\/v2\/pages\/267"}],"collection":[{"href":"https:\/\/ivermectin-apotheke.com\/nl\/wp-json\/wp\/v2\/pages"}],"about":[{"href":"https:\/\/ivermectin-apotheke.com\/nl\/wp-json\/wp\/v2\/types\/page"}],"author":[{"embeddable":true,"href":"https:\/\/ivermectin-apotheke.com\/nl\/wp-json\/wp\/v2\/users\/1"}],"replies":[{"embeddable":true,"href":"https:\/\/ivermectin-apotheke.com\/nl\/wp-json\/wp\/v2\/comments?post=267"}],"version-history":[{"count":11,"href":"https:\/\/ivermectin-apotheke.com\/nl\/wp-json\/wp\/v2\/pages\/267\/revisions"}],"predecessor-version":[{"id":525,"href":"https:\/\/ivermectin-apotheke.com\/nl\/wp-json\/wp\/v2\/pages\/267\/revisions\/525"}],"wp:attachment":[{"href":"https:\/\/ivermectin-apotheke.com\/nl\/wp-json\/wp\/v2\/media?parent=267"}],"curies":[{"name":"wp","href":"https:\/\/api.w.org\/{rel}","templated":true}]}}