{"id":265,"date":"2019-09-05T18:26:51","date_gmt":"2019-09-05T18:26:51","guid":{"rendered":"https:\/\/demosites.io\/energy-panels\/?page_id=265"},"modified":"2021-08-31T16:16:38","modified_gmt":"2021-08-31T16:16:38","slug":"about-us","status":"publish","type":"page","link":"https:\/\/ivermectin-apotheke.com\/it\/about-us\/","title":{"rendered":"chi siamo"},"content":{"rendered":"<div data-elementor-type=\"wp-post\" data-elementor-id=\"265\" class=\"elementor elementor-265\" data-elementor-settings=\"[]\">\n\t\t\t\t\t\t\t<div class=\"elementor-section-wrap\">\n\t\t\t\t\t\t\t<section class=\"elementor-section elementor-top-section elementor-element elementor-element-5b025747 elementor-section-height-min-height elementor-section-boxed elementor-section-height-default elementor-section-items-middle\" data-id=\"5b025747\" data-element_type=\"section\" data-settings=\"{&quot;background_background&quot;:&quot;classic&quot;}\">\n\t\t\t\t\t\t<div class=\"elementor-container elementor-column-gap-default\">\n\t\t\t\t\t<div class=\"elementor-column elementor-col-100 elementor-top-column elementor-element elementor-element-3a1445c4\" data-id=\"3a1445c4\" data-element_type=\"column\">\n\t\t\t<div class=\"elementor-widget-wrap\">\n\t\t\t\t\t\t\t\t\t<\/div>\n\t\t<\/div>\n\t\t\t\t\t\t\t<\/div>\n\t\t<\/section>\n\t\t\t\t<section class=\"elementor-section elementor-top-section elementor-element elementor-element-43167728 elementor-section-boxed elementor-section-height-default elementor-section-height-default\" data-id=\"43167728\" data-element_type=\"section\" data-settings=\"{&quot;background_background&quot;:&quot;classic&quot;}\">\n\t\t\t\t\t\t<div class=\"elementor-container elementor-column-gap-default\">\n\t\t\t\t\t<div class=\"elementor-column elementor-col-50 elementor-top-column elementor-element elementor-element-78888d70\" data-id=\"78888d70\" data-element_type=\"column\" data-settings=\"{&quot;background_background&quot;:&quot;classic&quot;}\">\n\t\t\t<div class=\"elementor-widget-wrap elementor-element-populated\">\n\t\t\t\t\t\t\t\t<div class=\"elementor-element elementor-element-790017cf elementor-widget elementor-widget-heading\" data-id=\"790017cf\" data-element_type=\"widget\" data-widget_type=\"heading.default\">\n\t\t\t\t<div class=\"elementor-widget-container\">\n\t\t\t<h1 class=\"elementor-heading-title elementor-size-default\"><a href=\"https:\/\/ivermectin-apotheke.com\/it\/287ae-energy-panels-about-us\/\">chi siamo<\/a><\/h1>\t\t<\/div>\n\t\t\t\t<\/div>\n\t\t\t\t\t<\/div>\n\t\t<\/div>\n\t\t\t\t<div class=\"elementor-column elementor-col-50 elementor-top-column elementor-element elementor-element-6db378d2\" data-id=\"6db378d2\" data-element_type=\"column\">\n\t\t\t<div class=\"elementor-widget-wrap\">\n\t\t\t\t\t\t\t\t\t<\/div>\n\t\t<\/div>\n\t\t\t\t\t\t\t<\/div>\n\t\t<\/section>\n\t\t\t\t<section class=\"elementor-section elementor-top-section elementor-element elementor-element-69b64104 elementor-section-boxed elementor-section-height-default elementor-section-height-default\" data-id=\"69b64104\" data-element_type=\"section\" data-settings=\"{&quot;background_background&quot;:&quot;classic&quot;}\">\n\t\t\t\t\t\t<div class=\"elementor-container elementor-column-gap-default\">\n\t\t\t\t\t<div class=\"elementor-column elementor-col-100 elementor-top-column elementor-element elementor-element-33a11248\" data-id=\"33a11248\" data-element_type=\"column\">\n\t\t\t<div class=\"elementor-widget-wrap elementor-element-populated\">\n\t\t\t\t\t\t\t\t<section class=\"elementor-section elementor-inner-section elementor-element elementor-element-2d6780b0 elementor-section-boxed elementor-section-height-default elementor-section-height-default\" data-id=\"2d6780b0\" data-element_type=\"section\">\n\t\t\t\t\t\t<div class=\"elementor-container elementor-column-gap-default\">\n\t\t\t\t\t<div class=\"elementor-column elementor-col-50 elementor-inner-column elementor-element elementor-element-5333e2bb\" data-id=\"5333e2bb\" data-element_type=\"column\">\n\t\t\t<div class=\"elementor-widget-wrap elementor-element-populated\">\n\t\t\t\t\t\t\t\t<div class=\"elementor-element elementor-element-1e13f86c elementor-widget elementor-widget-heading\" data-id=\"1e13f86c\" data-element_type=\"widget\" data-widget_type=\"heading.default\">\n\t\t\t\t<div class=\"elementor-widget-container\">\n\t\t\t<h2 class=\"elementor-heading-title elementor-size-default\">Un po&#39; di compagnia<\/h2>\t\t<\/div>\n\t\t\t\t<\/div>\n\t\t\t\t\t<\/div>\n\t\t<\/div>\n\t\t\t\t<div class=\"elementor-column elementor-col-50 elementor-inner-column elementor-element elementor-element-66d965dd\" data-id=\"66d965dd\" data-element_type=\"column\">\n\t\t\t<div class=\"elementor-widget-wrap elementor-element-populated\">\n\t\t\t\t\t\t\t\t<div class=\"elementor-element elementor-element-18583af6 elementor-widget elementor-widget-text-editor\" data-id=\"18583af6\" data-element_type=\"widget\" data-widget_type=\"text-editor.default\">\n\t\t\t\t<div class=\"elementor-widget-container\">\n\t\t\t\t\t\t\t<p>Ivermectin Pharmacy \u00e8 una directory online che fornisce informazioni sui farmaci. Impiegano solo specialisti qualificati che forniscono informazioni corrette e complete sul medicinale richiesto.<\/p><p>Il nostro sito web \u00e8 progettato per essere trasparente e di facile utilizzo. Quando visitano la nostra homepage per la prima volta o quando cercano un prodotto specifico, i nostri visitatori trovano sempre rapidamente le informazioni che stanno cercando.<\/p><p>Poich\u00e9 ora ci sono una moltitudine di farmacie online, negozi online e siti Web su Internet che forniscono informazioni false, non vogliamo che le persone ricevano informazioni false. Pertanto, non \u00e8 possibile acquistare o ordinare farmaci sul nostro sito Web, puoi solo familiarizzare con le informazioni sul farmaco che ti interessa.<\/p><p><strong>IMPORTANTE!<\/strong> L&#39;acquisto di medicinali online non sostituisce la visita medica.<\/p><p>La qualit\u00e0 \u00e8 la nostra priorit\u00e0 assoluta<br \/>Il sito web di Ivermectin Pharmacy mira a mostrare contenuti di farmaci indipendenti di alta qualit\u00e0. Rispondiamo alle tue domande sulle malattie comuni e sui loro sintomi e presentiamo i farmaci corrispondenti, la loro composizione e applicazione.<\/p><p>I nostri esperti ricercano tutti gli argomenti in base alle ultime scoperte scientifiche. Non vogliamo che la nostra offerta sostituisca la consulenza medica e il trattamento professionale. Pertanto, ti consigliamo di consultare un medico e non ti consigliamo di auto-diagnosticare e assumere farmaci.<\/p>\t\t\t\t\t\t<\/div>\n\t\t\t\t<\/div>\n\t\t\t\t\t<\/div>\n\t\t<\/div>\n\t\t\t\t\t\t\t<\/div>\n\t\t<\/section>\n\t\t\t\t\t<\/div>\n\t\t<\/div>\n\t\t\t\t\t\t\t<\/div>\n\t\t<\/section>\n\t\t\t\t\t\t<\/div>\n\t\t\t\t\t<\/div>","protected":false},"excerpt":{"rendered":"<p>\u00dcber uns Ein wenig \u00fcber das Unternehmen Ivermectin-Apotheke ist ein Online-Verzeichnis, in dem Sie Informationen zu Arzneimitteln finden. Sie besch\u00e4ftigen nur qualifiziertes Fachpersonal, das richtige und vollst\u00e4ndige Angaben zu dem ben\u00f6tigten Arzneimittel macht. Unsere Website ist transparent und benutzerfreundlich gestaltet. Beim ersten Besuch unserer Homepage oder bei der Suche nach einem bestimmten Produkt finden unsere&hellip;&nbsp;<a href=\"https:\/\/ivermectin-apotheke.com\/it\/about-us\/\" class=\"\" rel=\"bookmark\">Leggi tutto &raquo;<span class=\"screen-reader-text\">chi siamo<\/span><\/a><\/p>","protected":false},"author":1,"featured_media":0,"parent":0,"menu_order":0,"comment_status":"closed","ping_status":"closed","template":"elementor_header_footer","meta":{"neve_meta_sidebar":"","neve_meta_container":"","neve_meta_enable_content_width":"","neve_meta_content_width":70,"neve_meta_title_alignment":"","neve_meta_author_avatar":"","neve_post_elements_order":"","neve_meta_disable_header":"","neve_meta_disable_footer":"","neve_meta_disable_title":"","_ti_tpc_template_sync":false,"_ti_tpc_template_id":"iozzo55ykxs7bjt7yo3p"},"yoast_head":"<!-- This site is optimized with the Yoast SEO plugin v17.0 - https:\/\/yoast.com\/wordpress\/plugins\/seo\/ -->\n<title>\u00dcber uns Ivermectin-Apotheke Site<\/title>\n<meta name=\"robots\" content=\"noindex, follow\" \/>\n<meta property=\"og:locale\" content=\"it_IT\" \/>\n<meta property=\"og:type\" content=\"article\" \/>\n<meta property=\"og:title\" content=\"\u00dcber uns Ivermectin-Apotheke Site\" \/>\n<meta property=\"og:description\" content=\"\u00dcber uns Ein wenig \u00fcber das Unternehmen Ivermectin-Apotheke ist ein Online-Verzeichnis, in dem Sie Informationen zu Arzneimitteln finden. Sie besch\u00e4ftigen nur qualifiziertes Fachpersonal, das richtige und vollst\u00e4ndige Angaben zu dem ben\u00f6tigten Arzneimittel macht. Unsere Website ist transparent und benutzerfreundlich gestaltet. Beim ersten Besuch unserer Homepage oder bei der Suche nach einem bestimmten Produkt finden unsere&hellip;&nbsp;Leggi tutto &raquo;\u00dcber uns\" \/>\n<meta property=\"og:url\" content=\"https:\/\/ivermectin-apotheke.com\/it\/about-us\/\" \/>\n<meta property=\"og:site_name\" content=\"Ivermectin-Apotheke\" \/>\n<meta property=\"article:modified_time\" content=\"2021-08-31T16:16:38+00:00\" \/>\n<meta name=\"twitter:card\" content=\"summary_large_image\" \/>\n<meta name=\"twitter:label1\" content=\"Tempo di lettura stimato\" \/>\n\t<meta name=\"twitter:data1\" content=\"1 minuto\" \/>\n<script type=\"application\/ld+json\" class=\"yoast-schema-graph\">{\"@context\":\"https:\/\/schema.org\",\"@graph\":[{\"@type\":\"WebSite\",\"@id\":\"https:\/\/ivermectin-apotheke.com\/#website\",\"url\":\"https:\/\/ivermectin-apotheke.com\/\",\"name\":\"Ivermectin-Apotheke\",\"description\":\"\",\"potentialAction\":[{\"@type\":\"SearchAction\",\"target\":{\"@type\":\"EntryPoint\",\"urlTemplate\":\"https:\/\/ivermectin-apotheke.com\/?s={search_term_string}\"},\"query-input\":\"required name=search_term_string\"}],\"inLanguage\":\"it-IT\"},{\"@type\":\"WebPage\",\"@id\":\"https:\/\/ivermectin-apotheke.com\/about-us\/#webpage\",\"url\":\"https:\/\/ivermectin-apotheke.com\/about-us\/\",\"name\":\"\\u00dcber uns Ivermectin-Apotheke Site\",\"isPartOf\":{\"@id\":\"https:\/\/ivermectin-apotheke.com\/#website\"},\"datePublished\":\"2019-09-05T18:26:51+00:00\",\"dateModified\":\"2021-08-31T16:16:38+00:00\",\"breadcrumb\":{\"@id\":\"https:\/\/ivermectin-apotheke.com\/about-us\/#breadcrumb\"},\"inLanguage\":\"it-IT\",\"potentialAction\":[{\"@type\":\"ReadAction\",\"target\":[\"https:\/\/ivermectin-apotheke.com\/about-us\/\"]}]},{\"@type\":\"BreadcrumbList\",\"@id\":\"https:\/\/ivermectin-apotheke.com\/about-us\/#breadcrumb\",\"itemListElement\":[{\"@type\":\"ListItem\",\"position\":1,\"name\":\"Home\",\"item\":\"https:\/\/ivermectin-apotheke.com\/\"},{\"@type\":\"ListItem\",\"position\":2,\"name\":\"\\u00dcber uns\"}]}]}<\/script>\n<!-- \/ Yoast SEO plugin. -->","yoast_head_json":{"title":"\u00dcber uns Ivermectin-Apotheke Site","robots":{"index":"noindex","follow":"follow"},"og_locale":"it_IT","og_type":"article","og_title":"\u00dcber uns Ivermectin-Apotheke Site","og_description":"\u00dcber uns Ein wenig \u00fcber das Unternehmen Ivermectin-Apotheke ist ein Online-Verzeichnis, in dem Sie Informationen zu Arzneimitteln finden. Sie besch\u00e4ftigen nur qualifiziertes Fachpersonal, das richtige und vollst\u00e4ndige Angaben zu dem ben\u00f6tigten Arzneimittel macht. Unsere Website ist transparent und benutzerfreundlich gestaltet. Beim ersten Besuch unserer Homepage oder bei der Suche nach einem bestimmten Produkt finden unsere&hellip;&nbsp;Leggi tutto &raquo;\u00dcber uns","og_url":"https:\/\/ivermectin-apotheke.com\/it\/about-us\/","og_site_name":"Ivermectin-Apotheke","article_modified_time":"2021-08-31T16:16:38+00:00","twitter_card":"summary_large_image","twitter_misc":{"Tempo di lettura stimato":"1 minuto"},"schema":{"@context":"https:\/\/schema.org","@graph":[{"@type":"WebSite","@id":"https:\/\/ivermectin-apotheke.com\/#website","url":"https:\/\/ivermectin-apotheke.com\/","name":"Ivermectin-Apotheke","description":"","potentialAction":[{"@type":"SearchAction","target":{"@type":"EntryPoint","urlTemplate":"https:\/\/ivermectin-apotheke.com\/?s={search_term_string}"},"query-input":"required name=search_term_string"}],"inLanguage":"it-IT"},{"@type":"WebPage","@id":"https:\/\/ivermectin-apotheke.com\/about-us\/#webpage","url":"https:\/\/ivermectin-apotheke.com\/about-us\/","name":"\u00dcber uns Ivermectin-Apotheke Site","isPartOf":{"@id":"https:\/\/ivermectin-apotheke.com\/#website"},"datePublished":"2019-09-05T18:26:51+00:00","dateModified":"2021-08-31T16:16:38+00:00","breadcrumb":{"@id":"https:\/\/ivermectin-apotheke.com\/about-us\/#breadcrumb"},"inLanguage":"it-IT","potentialAction":[{"@type":"ReadAction","target":["https:\/\/ivermectin-apotheke.com\/about-us\/"]}]},{"@type":"BreadcrumbList","@id":"https:\/\/ivermectin-apotheke.com\/about-us\/#breadcrumb","itemListElement":[{"@type":"ListItem","position":1,"name":"Home","item":"https:\/\/ivermectin-apotheke.com\/"},{"@type":"ListItem","position":2,"name":"\u00dcber uns"}]}]}},"_links":{"self":[{"href":"https:\/\/ivermectin-apotheke.com\/it\/wp-json\/wp\/v2\/pages\/265"}],"collection":[{"href":"https:\/\/ivermectin-apotheke.com\/it\/wp-json\/wp\/v2\/pages"}],"about":[{"href":"https:\/\/ivermectin-apotheke.com\/it\/wp-json\/wp\/v2\/types\/page"}],"author":[{"embeddable":true,"href":"https:\/\/ivermectin-apotheke.com\/it\/wp-json\/wp\/v2\/users\/1"}],"replies":[{"embeddable":true,"href":"https:\/\/ivermectin-apotheke.com\/it\/wp-json\/wp\/v2\/comments?post=265"}],"version-history":[{"count":11,"href":"https:\/\/ivermectin-apotheke.com\/it\/wp-json\/wp\/v2\/pages\/265\/revisions"}],"predecessor-version":[{"id":526,"href":"https:\/\/ivermectin-apotheke.com\/it\/wp-json\/wp\/v2\/pages\/265\/revisions\/526"}],"wp:attachment":[{"href":"https:\/\/ivermectin-apotheke.com\/it\/wp-json\/wp\/v2\/media?parent=265"}],"curies":[{"name":"wp","href":"https:\/\/api.w.org\/{rel}","templated":true}]}}